{"id":760,"date":"2022-04-26T11:57:23","date_gmt":"2022-04-26T11:57:23","guid":{"rendered":"https:\/\/arraldeycia.com.uy\/?post_type=product&#038;p=760"},"modified":"2022-04-26T12:23:04","modified_gmt":"2022-04-26T12:23:04","slug":"los-mimbres-cerro-largo-%c2%b7-uruguay","status":"publish","type":"product","link":"https:\/\/arraldeycia.com.uy\/?product=los-mimbres-cerro-largo-%c2%b7-uruguay","title":{"rendered":"LOS MIMBRES &#8211; Cerro Largo \u00b7 Uruguay"},"content":{"rendered":"<p>La Estancia Los Mimbres se ubica en el kil\u00f3metro 429 de la Ruta Nacional 8, a<br \/>\n29 kil\u00f3metros de la ciudad de Melo y 30 kil\u00f3metros de Acegu\u00e1, frontera con<br \/>\nBrasil.<br \/>\nActualmente es explotada por sus due\u00f1os en un esquema de ciclo completo de<br \/>\nganado vacuno de raza base Angus y ovinos de raza Corriedale.<br \/>\nTiene luz el\u00e9ctrica, alambrados en buen estado, casco con galpones, casa para<br \/>\npersonal e importante casa principal todo en buenas condiciones. Buenas<br \/>\naguadas y sombra en todos los potreros.<br \/>\nSon 4.765 hect\u00e1reas agr\u00edcola-ganadero; IC promedio 102, con un 40% de suelos<br \/>\ncon potencial agr\u00edcola. Padrones: 1448, 1433, 4654, 1590, 13089.<\/p>\n","protected":false},"excerpt":{"rendered":"<p><a href=\"https:\/\/arraldeycia.com.uy\/wp-content\/uploads\/2022\/04\/los_mimbres-1.pdf\" target=\"_blank\" rel=\"noopener\">Hoja Detallada<\/a><\/p>\n","protected":false},"featured_media":763,"template":"","meta":[],"class_list":{"0":"post-760","1":"product","2":"type-product","3":"status-publish","4":"has-post-thumbnail","6":"product_cat-campos","7":"entry","8":"has-media","10":"first","11":"instock","12":"shipping-taxable","13":"product-type-simple"},"_links":{"self":[{"href":"https:\/\/arraldeycia.com.uy\/index.php?rest_route=\/wp\/v2\/product\/760","targetHints":{"allow":["GET"]}}],"collection":[{"href":"https:\/\/arraldeycia.com.uy\/index.php?rest_route=\/wp\/v2\/product"}],"about":[{"href":"https:\/\/arraldeycia.com.uy\/index.php?rest_route=\/wp\/v2\/types\/product"}],"wp:featuredmedia":[{"embeddable":true,"href":"https:\/\/arraldeycia.com.uy\/index.php?rest_route=\/wp\/v2\/media\/763"}],"wp:attachment":[{"href":"https:\/\/arraldeycia.com.uy\/index.php?rest_route=%2Fwp%2Fv2%2Fmedia&parent=760"}],"curies":[{"name":"wp","href":"https:\/\/api.w.org\/{rel}","templated":true}]}}